{"id":7399,"date":"2024-09-13T15:16:04","date_gmt":"2024-09-13T15:16:04","guid":{"rendered":"https:\/\/resinart.cl\/sitio\/?post_type=product&#038;p=7399"},"modified":"2026-04-27T09:25:58","modified_gmt":"2026-04-27T13:25:58","slug":"2-kit-1-kilo-de-resina-joyas-y-manualidades","status":"publish","type":"product","link":"https:\/\/resinart.cl\/sitio\/producto\/2-kit-1-kilo-de-resina-joyas-y-manualidades\/","title":{"rendered":"2 kit de 1 kilo de Resina Joyas y Manualidades"},"content":{"rendered":"","protected":false},"excerpt":{"rendered":"<p><strong>TE LLEVAS 2 KIT DE 1 KILO DE RESINA Y ENDURECEDOR\u00a0 (2 kilos en total) Y DE REGALO UN PIGMENTO AL AZAR!\u00a0<\/strong><\/p>\n<p>Resina Ep\u00f3xica cristalina, de alto brillo, f\u00e1cil mezclar 2 A 1, muy baja viscosidad. Posee filtro UV, por lo que no se pondr\u00e1 amarillenta, no es t\u00f3xica y sin olor. Ideal para joyas, orgones, trabajos de arte, manualidades entre otras cosas. El kit incluye resina 670g, endurecedor 330g. JUNTOS HACEN 1 kilo de producto.<\/p>\n<p>Tiempo de curado 12-24 horas en una temp de 23\u00ba. Temperatura m\u00e1xima 60\u00aa<\/p>\n<p>Se recomienda realizar distintas pruebas y ensayos previos a tu proyecto para que as\u00ed conozcas bien el producto.<\/p>\n<p>Recuerda que para realizar la mezcla SIEMPRE necesitar\u00e1s pesar en pesa los componentes<br \/>\n*Incluye instructivo de uso<br \/>\n**Muchas veces el envase es de mayor cantidad\u00a0 que el contenido de resina y endurecedor por lo que se puede ver que el contenido es menor que el envase, recuerda que los productos juntos hacen un kilo.**<br \/>\n*Se recomienda siempre el uso de guantes, mascarilla y trabajar en lugar ventilado* No trabajar m\u00e1s de 200g de producto por una vez para no provocar reaccione isot\u00e9rmicas.<\/p>\n<p>Si trabajas en maderas recomendamos el trabajo por etapas, un primer d\u00eda una delgada capa\u00a0 para que se absorba a la madera y\u00a0 al segundo d\u00eda aplica otra capa de resina.<\/p>\n","protected":false},"featured_media":7764,"template":"","meta":{"site-sidebar-layout":"default","site-content-layout":"default","ast-site-content-layout":"default","site-content-style":"default","site-sidebar-style":"default","ast-global-header-display":"","ast-banner-title-visibility":"","ast-main-header-display":"","ast-hfb-above-header-display":"","ast-hfb-below-header-display":"","ast-hfb-mobile-header-display":"","site-post-title":"","ast-breadcrumbs-content":"","ast-featured-img":"","footer-sml-layout":"","theme-transparent-header-meta":"default","adv-header-id-meta":"","stick-header-meta":"","header-above-stick-meta":"","header-main-stick-meta":"","header-below-stick-meta":"","astra-migrate-meta-layouts":"default","ast-page-background-enabled":"default","ast-page-background-meta":{"desktop":{"background-color":"","background-image":"","background-repeat":"repeat","background-position":"center center","background-size":"auto","background-attachment":"scroll","background-type":"","background-media":"","overlay-type":"","overlay-color":"","overlay-opacity":"","overlay-gradient":""},"tablet":{"background-color":"","background-image":"","background-repeat":"repeat","background-position":"center center","background-size":"auto","background-attachment":"scroll","background-type":"","background-media":"","overlay-type":"","overlay-color":"","overlay-opacity":"","overlay-gradient":""},"mobile":{"background-color":"","background-image":"","background-repeat":"repeat","background-position":"center center","background-size":"auto","background-attachment":"scroll","background-type":"","background-media":"","overlay-type":"","overlay-color":"","overlay-opacity":"","overlay-gradient":""}},"ast-content-background-meta":{"desktop":{"background-color":"var(--ast-global-color-5)","background-image":"","background-repeat":"repeat","background-position":"center center","background-size":"auto","background-attachment":"scroll","background-type":"","background-media":"","overlay-type":"","overlay-color":"","overlay-opacity":"","overlay-gradient":""},"tablet":{"background-color":"var(--ast-global-color-5)","background-image":"","background-repeat":"repeat","background-position":"center center","background-size":"auto","background-attachment":"scroll","background-type":"","background-media":"","overlay-type":"","overlay-color":"","overlay-opacity":"","overlay-gradient":""},"mobile":{"background-color":"var(--ast-global-color-5)","background-image":"","background-repeat":"repeat","background-position":"center center","background-size":"auto","background-attachment":"scroll","background-type":"","background-media":"","overlay-type":"","overlay-color":"","overlay-opacity":"","overlay-gradient":""}},"_jet_sm_ready_style":"","_jet_sm_style":"","_jet_sm_controls_values":"","_jet_sm_fonts_collection":"","_jet_sm_fonts_links":""},"product_brand":[],"product_cat":[99,30],"product_tag":[],"class_list":{"0":"post-7399","1":"product","2":"type-product","3":"status-publish","4":"has-post-thumbnail","6":"product_cat-ofertas","7":"product_cat-resinas","8":"desktop-align-left","9":"tablet-align-left","10":"mobile-align-left","12":"first","13":"instock","14":"sale","15":"purchasable","16":"product-type-simple"},"_links":{"self":[{"href":"https:\/\/resinart.cl\/sitio\/wp-json\/wp\/v2\/product\/7399","targetHints":{"allow":["GET"]}}],"collection":[{"href":"https:\/\/resinart.cl\/sitio\/wp-json\/wp\/v2\/product"}],"about":[{"href":"https:\/\/resinart.cl\/sitio\/wp-json\/wp\/v2\/types\/product"}],"version-history":[{"count":3,"href":"https:\/\/resinart.cl\/sitio\/wp-json\/wp\/v2\/product\/7399\/revisions"}],"predecessor-version":[{"id":7404,"href":"https:\/\/resinart.cl\/sitio\/wp-json\/wp\/v2\/product\/7399\/revisions\/7404"}],"wp:featuredmedia":[{"embeddable":true,"href":"https:\/\/resinart.cl\/sitio\/wp-json\/wp\/v2\/media\/7764"}],"wp:attachment":[{"href":"https:\/\/resinart.cl\/sitio\/wp-json\/wp\/v2\/media?parent=7399"}],"wp:term":[{"taxonomy":"product_brand","embeddable":true,"href":"https:\/\/resinart.cl\/sitio\/wp-json\/wp\/v2\/product_brand?post=7399"},{"taxonomy":"product_cat","embeddable":true,"href":"https:\/\/resinart.cl\/sitio\/wp-json\/wp\/v2\/product_cat?post=7399"},{"taxonomy":"product_tag","embeddable":true,"href":"https:\/\/resinart.cl\/sitio\/wp-json\/wp\/v2\/product_tag?post=7399"}],"curies":[{"name":"wp","href":"https:\/\/api.w.org\/{rel}","templated":true}]}}