{"id":6205,"date":"2023-08-28T00:48:17","date_gmt":"2023-08-28T00:48:17","guid":{"rendered":"https:\/\/resinart.cl\/sitio\/?post_type=product&#038;p=6205"},"modified":"2026-03-27T12:32:30","modified_gmt":"2026-03-27T15:32:30","slug":"kit-iniciacion-llaveros-1kilo","status":"publish","type":"product","link":"https:\/\/resinart.cl\/sitio\/producto\/kit-iniciacion-llaveros-1kilo\/","title":{"rendered":"Kit iniciaci\u00f3n Llaveros 1kilo"},"content":{"rendered":"<p>Caracter\u00edsticas resina: Resina Ep\u00f3xica cristalina, de alto brillo muy baja viscosidad. Posee filtro UV, por lo que no se pondr\u00e1 amarillenta, no es t\u00f3xica, autonivelante, no tiene olor, tiempo de curado 12-24 horas en temp de 23\u00ba, aguanta temperaturas de hasta 60\u00ba.<br \/>\nLa\u00a0proporci\u00f3n de mezcla es 2 a 1 partes en peso, quiere decir que debe ser pesado en pesa si aplicas 20g de resina debes aplicar 10g de endurecedor.<br \/>\nIdeal para joyas, orgones, trabajos de arte, manualidades entre otras\u00a0cosas<\/p>\n","protected":false},"excerpt":{"rendered":"<p>Perfecto kit para iniciarte en el mundo de la resina contiene todo lo necesario para poder hacer tus Llaveros y joyas en resina<br \/>\nCon \u00e9l podr\u00e1s crear variados tipos de llaveros o colgantes podr\u00e1s\u00a0\u00a0ensayar y practicar en el mundo de las resinas<\/p>\n<p>CONTENIDO:<br \/>\n&#8211; Kit resina y endurecedor\u00a01kg<br \/>\n&#8211;\u00a0\u00a0Set escarcha 12 colores<br \/>\n&#8211; Gramera.<br \/>\n&#8211; 1 Molde abecedario 19,5cm x 36cm<\/p>\n<p>&#8211; Llaveros, pasadores de tornillos, argollas<br \/>\n&#8211; Broca manual<\/p>\n<p>&#8211; Instructivo<br \/>\nRECUERDA: PROPORCION MEZCLA DE LA RESINA 2:1 PARTE EN PESO<br \/>\nRecomendamos siempre trabajar en lugares ventilados con mascarilla y guantes<\/p>\n","protected":false},"featured_media":6206,"template":"","meta":{"site-sidebar-layout":"default","site-content-layout":"default","ast-site-content-layout":"default","site-content-style":"default","site-sidebar-style":"default","ast-global-header-display":"","ast-banner-title-visibility":"","ast-main-header-display":"","ast-hfb-above-header-display":"","ast-hfb-below-header-display":"","ast-hfb-mobile-header-display":"","site-post-title":"","ast-breadcrumbs-content":"","ast-featured-img":"","footer-sml-layout":"","theme-transparent-header-meta":"default","adv-header-id-meta":"","stick-header-meta":"","header-above-stick-meta":"","header-main-stick-meta":"","header-below-stick-meta":"","astra-migrate-meta-layouts":"default","ast-page-background-enabled":"default","ast-page-background-meta":{"desktop":{"background-color":"","background-image":"","background-repeat":"repeat","background-position":"center center","background-size":"auto","background-attachment":"scroll","background-type":"","background-media":"","overlay-type":"","overlay-color":"","overlay-opacity":"","overlay-gradient":""},"tablet":{"background-color":"","background-image":"","background-repeat":"repeat","background-position":"center center","background-size":"auto","background-attachment":"scroll","background-type":"","background-media":"","overlay-type":"","overlay-color":"","overlay-opacity":"","overlay-gradient":""},"mobile":{"background-color":"","background-image":"","background-repeat":"repeat","background-position":"center center","background-size":"auto","background-attachment":"scroll","background-type":"","background-media":"","overlay-type":"","overlay-color":"","overlay-opacity":"","overlay-gradient":""}},"ast-content-background-meta":{"desktop":{"background-color":"var(--ast-global-color-5)","background-image":"","background-repeat":"repeat","background-position":"center center","background-size":"auto","background-attachment":"scroll","background-type":"","background-media":"","overlay-type":"","overlay-color":"","overlay-opacity":"","overlay-gradient":""},"tablet":{"background-color":"var(--ast-global-color-5)","background-image":"","background-repeat":"repeat","background-position":"center center","background-size":"auto","background-attachment":"scroll","background-type":"","background-media":"","overlay-type":"","overlay-color":"","overlay-opacity":"","overlay-gradient":""},"mobile":{"background-color":"var(--ast-global-color-5)","background-image":"","background-repeat":"repeat","background-position":"center center","background-size":"auto","background-attachment":"scroll","background-type":"","background-media":"","overlay-type":"","overlay-color":"","overlay-opacity":"","overlay-gradient":""}},"_jet_sm_ready_style":"","_jet_sm_style":"","_jet_sm_controls_values":"","_jet_sm_fonts_collection":"","_jet_sm_fonts_links":""},"product_brand":[],"product_cat":[99,30],"product_tag":[],"class_list":{"0":"post-6205","1":"product","2":"type-product","3":"status-publish","4":"has-post-thumbnail","6":"product_cat-ofertas","7":"product_cat-resinas","8":"desktop-align-left","9":"tablet-align-left","10":"mobile-align-left","12":"first","13":"instock","14":"sale","15":"purchasable","16":"product-type-simple"},"_links":{"self":[{"href":"https:\/\/resinart.cl\/sitio\/wp-json\/wp\/v2\/product\/6205","targetHints":{"allow":["GET"]}}],"collection":[{"href":"https:\/\/resinart.cl\/sitio\/wp-json\/wp\/v2\/product"}],"about":[{"href":"https:\/\/resinart.cl\/sitio\/wp-json\/wp\/v2\/types\/product"}],"version-history":[{"count":2,"href":"https:\/\/resinart.cl\/sitio\/wp-json\/wp\/v2\/product\/6205\/revisions"}],"predecessor-version":[{"id":6208,"href":"https:\/\/resinart.cl\/sitio\/wp-json\/wp\/v2\/product\/6205\/revisions\/6208"}],"wp:featuredmedia":[{"embeddable":true,"href":"https:\/\/resinart.cl\/sitio\/wp-json\/wp\/v2\/media\/6206"}],"wp:attachment":[{"href":"https:\/\/resinart.cl\/sitio\/wp-json\/wp\/v2\/media?parent=6205"}],"wp:term":[{"taxonomy":"product_brand","embeddable":true,"href":"https:\/\/resinart.cl\/sitio\/wp-json\/wp\/v2\/product_brand?post=6205"},{"taxonomy":"product_cat","embeddable":true,"href":"https:\/\/resinart.cl\/sitio\/wp-json\/wp\/v2\/product_cat?post=6205"},{"taxonomy":"product_tag","embeddable":true,"href":"https:\/\/resinart.cl\/sitio\/wp-json\/wp\/v2\/product_tag?post=6205"}],"curies":[{"name":"wp","href":"https:\/\/api.w.org\/{rel}","templated":true}]}}