{"id":4545,"date":"2022-08-01T20:47:21","date_gmt":"2022-08-01T20:47:21","guid":{"rendered":"https:\/\/resinart.cl\/sitio\/?post_type=product&#038;p=4545"},"modified":"2023-11-23T21:51:42","modified_gmt":"2023-11-23T21:51:42","slug":"set-flores-secas","status":"publish","type":"product","link":"https:\/\/resinart.cl\/sitio\/producto\/set-flores-secas\/","title":{"rendered":"Set Flores Secas"},"content":{"rendered":"<p>Bellas flores NATURALES prensadas secas una a una para trabajos en resina y encapsulados.<\/p>\n<p>Cada hoja tiene una medida de 15&#215;20, por lo que depende de cada dise\u00f1o la cantidad de flores o hojas que contiene cada una.<\/p>\n<p>Los tama\u00f1os de cada flor dependen de cada tipo de flor, debes tener en cuenta que al ser flores naturales puede variar el tama\u00f1o o tonalidad de cada una.<\/p>\n<p>Debes elegir el n\u00famero que quieres, si la opci\u00f3n del n\u00famero que quieres seleccionar no esta, es por que no hay stock disponible.<\/p>\n","protected":false},"excerpt":{"rendered":"<p>Bellas flores naturales prensadas secas\u00a0para trabajos en resina y encapsulados.<\/p>\n","protected":false},"featured_media":4546,"template":"","meta":{"site-sidebar-layout":"default","site-content-layout":"default","ast-site-content-layout":"default","site-content-style":"default","site-sidebar-style":"default","ast-global-header-display":"","ast-banner-title-visibility":"","ast-main-header-display":"","ast-hfb-above-header-display":"","ast-hfb-below-header-display":"","ast-hfb-mobile-header-display":"","site-post-title":"","ast-breadcrumbs-content":"","ast-featured-img":"","footer-sml-layout":"","theme-transparent-header-meta":"default","adv-header-id-meta":"","stick-header-meta":"","header-above-stick-meta":"","header-main-stick-meta":"","header-below-stick-meta":"","astra-migrate-meta-layouts":"default","ast-page-background-enabled":"default","ast-page-background-meta":{"desktop":{"background-color":"","background-image":"","background-repeat":"repeat","background-position":"center center","background-size":"auto","background-attachment":"scroll","background-type":"","background-media":"","overlay-type":"","overlay-color":"","overlay-opacity":"","overlay-gradient":""},"tablet":{"background-color":"","background-image":"","background-repeat":"repeat","background-position":"center center","background-size":"auto","background-attachment":"scroll","background-type":"","background-media":"","overlay-type":"","overlay-color":"","overlay-opacity":"","overlay-gradient":""},"mobile":{"background-color":"","background-image":"","background-repeat":"repeat","background-position":"center center","background-size":"auto","background-attachment":"scroll","background-type":"","background-media":"","overlay-type":"","overlay-color":"","overlay-opacity":"","overlay-gradient":""}},"ast-content-background-meta":{"desktop":{"background-color":"var(--ast-global-color-5)","background-image":"","background-repeat":"repeat","background-position":"center center","background-size":"auto","background-attachment":"scroll","background-type":"","background-media":"","overlay-type":"","overlay-color":"","overlay-opacity":"","overlay-gradient":""},"tablet":{"background-color":"var(--ast-global-color-5)","background-image":"","background-repeat":"repeat","background-position":"center center","background-size":"auto","background-attachment":"scroll","background-type":"","background-media":"","overlay-type":"","overlay-color":"","overlay-opacity":"","overlay-gradient":""},"mobile":{"background-color":"var(--ast-global-color-5)","background-image":"","background-repeat":"repeat","background-position":"center center","background-size":"auto","background-attachment":"scroll","background-type":"","background-media":"","overlay-type":"","overlay-color":"","overlay-opacity":"","overlay-gradient":""}},"_jet_sm_ready_style":"","_jet_sm_style":"","_jet_sm_controls_values":"","_jet_sm_fonts_collection":"","_jet_sm_fonts_links":""},"product_brand":[],"product_cat":[58],"product_tag":[],"class_list":{"0":"post-4545","1":"product","2":"type-product","3":"status-publish","4":"has-post-thumbnail","6":"product_cat-otros","7":"desktop-align-left","8":"tablet-align-left","9":"mobile-align-left","11":"first","12":"outofstock","13":"shipping-taxable","14":"purchasable","15":"product-type-variable"},"_links":{"self":[{"href":"https:\/\/resinart.cl\/sitio\/wp-json\/wp\/v2\/product\/4545","targetHints":{"allow":["GET"]}}],"collection":[{"href":"https:\/\/resinart.cl\/sitio\/wp-json\/wp\/v2\/product"}],"about":[{"href":"https:\/\/resinart.cl\/sitio\/wp-json\/wp\/v2\/types\/product"}],"version-history":[{"count":3,"href":"https:\/\/resinart.cl\/sitio\/wp-json\/wp\/v2\/product\/4545\/revisions"}],"predecessor-version":[{"id":4755,"href":"https:\/\/resinart.cl\/sitio\/wp-json\/wp\/v2\/product\/4545\/revisions\/4755"}],"wp:featuredmedia":[{"embeddable":true,"href":"https:\/\/resinart.cl\/sitio\/wp-json\/wp\/v2\/media\/4546"}],"wp:attachment":[{"href":"https:\/\/resinart.cl\/sitio\/wp-json\/wp\/v2\/media?parent=4545"}],"wp:term":[{"taxonomy":"product_brand","embeddable":true,"href":"https:\/\/resinart.cl\/sitio\/wp-json\/wp\/v2\/product_brand?post=4545"},{"taxonomy":"product_cat","embeddable":true,"href":"https:\/\/resinart.cl\/sitio\/wp-json\/wp\/v2\/product_cat?post=4545"},{"taxonomy":"product_tag","embeddable":true,"href":"https:\/\/resinart.cl\/sitio\/wp-json\/wp\/v2\/product_tag?post=4545"}],"curies":[{"name":"wp","href":"https:\/\/api.w.org\/{rel}","templated":true}]}}