{"id":4483,"date":"2022-07-29T19:24:34","date_gmt":"2022-07-29T19:24:34","guid":{"rendered":"https:\/\/resinart.cl\/sitio\/producto\/pistola-calor\/"},"modified":"2024-09-27T18:49:19","modified_gmt":"2024-09-27T18:49:19","slug":"pistola-calor","status":"publish","type":"product","link":"https:\/\/resinart.cl\/sitio\/producto\/pistola-calor\/","title":{"rendered":"Pistola Calor"},"content":{"rendered":"","protected":false},"excerpt":{"rendered":"<p>Pistola calor peque\u00f1a para eliminar burbujas y utilizar para crear distintas t\u00e9cnicas y dise\u00f1os en resina.<br \/>\nSoporte integrado para autosoporte.<br \/>\nF\u00e1cil de usar, en la cola de la pluma t\u00e9rmica, las rejillas de ventilaci\u00f3n est\u00e1n dise\u00f1adas en ambos lados para reducir la temperatura interna y extender la duraci\u00f3n del producto.<br \/>\nPotencia: 330w<br \/>\nTemperatura m\u00ednima &#8211; Temperatura m\u00e1xima: 180 \u00b0C &#8211; 200 \u00b0C<\/p>\n","protected":false},"featured_media":4678,"template":"","meta":{"site-sidebar-layout":"default","site-content-layout":"default","ast-site-content-layout":"default","site-content-style":"default","site-sidebar-style":"default","ast-global-header-display":"","ast-banner-title-visibility":"","ast-main-header-display":"","ast-hfb-above-header-display":"","ast-hfb-below-header-display":"","ast-hfb-mobile-header-display":"","site-post-title":"","ast-breadcrumbs-content":"","ast-featured-img":"","footer-sml-layout":"","theme-transparent-header-meta":"default","adv-header-id-meta":"","stick-header-meta":"","header-above-stick-meta":"","header-main-stick-meta":"","header-below-stick-meta":"","astra-migrate-meta-layouts":"default","ast-page-background-enabled":"default","ast-page-background-meta":{"desktop":{"background-color":"","background-image":"","background-repeat":"repeat","background-position":"center center","background-size":"auto","background-attachment":"scroll","background-type":"","background-media":"","overlay-type":"","overlay-color":"","overlay-opacity":"","overlay-gradient":""},"tablet":{"background-color":"","background-image":"","background-repeat":"repeat","background-position":"center center","background-size":"auto","background-attachment":"scroll","background-type":"","background-media":"","overlay-type":"","overlay-color":"","overlay-opacity":"","overlay-gradient":""},"mobile":{"background-color":"","background-image":"","background-repeat":"repeat","background-position":"center center","background-size":"auto","background-attachment":"scroll","background-type":"","background-media":"","overlay-type":"","overlay-color":"","overlay-opacity":"","overlay-gradient":""}},"ast-content-background-meta":{"desktop":{"background-color":"var(--ast-global-color-5)","background-image":"","background-repeat":"repeat","background-position":"center center","background-size":"auto","background-attachment":"scroll","background-type":"","background-media":"","overlay-type":"","overlay-color":"","overlay-opacity":"","overlay-gradient":""},"tablet":{"background-color":"var(--ast-global-color-5)","background-image":"","background-repeat":"repeat","background-position":"center center","background-size":"auto","background-attachment":"scroll","background-type":"","background-media":"","overlay-type":"","overlay-color":"","overlay-opacity":"","overlay-gradient":""},"mobile":{"background-color":"var(--ast-global-color-5)","background-image":"","background-repeat":"repeat","background-position":"center center","background-size":"auto","background-attachment":"scroll","background-type":"","background-media":"","overlay-type":"","overlay-color":"","overlay-opacity":"","overlay-gradient":""}},"_jet_sm_ready_style":"","_jet_sm_style":"","_jet_sm_controls_values":"","_jet_sm_fonts_collection":"","_jet_sm_fonts_links":""},"product_brand":[],"product_cat":[58],"product_tag":[],"class_list":{"0":"post-4483","1":"product","2":"type-product","3":"status-publish","4":"has-post-thumbnail","6":"product_cat-otros","7":"desktop-align-left","8":"tablet-align-left","9":"mobile-align-left","11":"first","12":"outofstock","13":"sale","14":"purchasable","15":"product-type-simple"},"_links":{"self":[{"href":"https:\/\/resinart.cl\/sitio\/wp-json\/wp\/v2\/product\/4483","targetHints":{"allow":["GET"]}}],"collection":[{"href":"https:\/\/resinart.cl\/sitio\/wp-json\/wp\/v2\/product"}],"about":[{"href":"https:\/\/resinart.cl\/sitio\/wp-json\/wp\/v2\/types\/product"}],"version-history":[{"count":2,"href":"https:\/\/resinart.cl\/sitio\/wp-json\/wp\/v2\/product\/4483\/revisions"}],"predecessor-version":[{"id":4679,"href":"https:\/\/resinart.cl\/sitio\/wp-json\/wp\/v2\/product\/4483\/revisions\/4679"}],"wp:featuredmedia":[{"embeddable":true,"href":"https:\/\/resinart.cl\/sitio\/wp-json\/wp\/v2\/media\/4678"}],"wp:attachment":[{"href":"https:\/\/resinart.cl\/sitio\/wp-json\/wp\/v2\/media?parent=4483"}],"wp:term":[{"taxonomy":"product_brand","embeddable":true,"href":"https:\/\/resinart.cl\/sitio\/wp-json\/wp\/v2\/product_brand?post=4483"},{"taxonomy":"product_cat","embeddable":true,"href":"https:\/\/resinart.cl\/sitio\/wp-json\/wp\/v2\/product_cat?post=4483"},{"taxonomy":"product_tag","embeddable":true,"href":"https:\/\/resinart.cl\/sitio\/wp-json\/wp\/v2\/product_tag?post=4483"}],"curies":[{"name":"wp","href":"https:\/\/api.w.org\/{rel}","templated":true}]}}