{"id":3420,"date":"2022-07-29T18:53:13","date_gmt":"2022-07-29T18:53:13","guid":{"rendered":"https:\/\/resinart.cl\/sitio\/producto\/kit-pinata-ink-2\/"},"modified":"2025-12-02T22:34:02","modified_gmt":"2025-12-03T01:34:02","slug":"kit-pinata-ink","status":"publish","type":"product","link":"https:\/\/resinart.cl\/sitio\/producto\/kit-pinata-ink\/","title":{"rendered":"Kit Pi\u00f1ata Ink"},"content":{"rendered":"<p>Tintas de Alcohol PI\u00d1ATA set de 9 colores<br \/>\nMarca: Jacquard<br \/>\nColores: negro, verde, azul, morado, rojo, naranjo, amarillo, dorado y blanco<br \/>\nTama\u00f1o: 14.79 ml<br \/>\nLas tintas de alcohol de pi\u00f1ata son hermosas, libres de \u00e1cido y transparentes (Solo hay\u00a02\u00a0colores opacos : dorado y blanco).<br \/>\nIncre\u00edbles para trabajar en resina y realizar lindas t\u00e9cnicas.<br \/>\nTienen una base de alcohol que los hace indelebles y resistentes a la humedad cuando est\u00e1n secos.<br \/>\n\u00a1Funcionan bien en pr\u00e1cticamente cualquier superficie limpia, libre de aceite, no porosa, de vidrio, metal, pl\u00e1stico, arcilla, vinilo, arcilla polim\u00e9rica, cer\u00e1mica, papel de aluminio, cuero, papel, madera, enc\u00e1usticas y m\u00e1s! Para usar en una variedad de aplicaciones, incluyendo estampado de goma, arte fino, caligraf\u00eda, gr\u00e1ficos y aplicaciones de aer\u00f3grafo.<\/p>\n","protected":false},"excerpt":{"rendered":"<p>Contenido del kit:<br \/>\nResina ep\u00f3xica filtro Uv\u00a0 1 KILO + Set 9 pigmentos\u00a0 alcohol Pi\u00f1ata<br \/>\nEncontrar\u00e1s las tan aclamadas tintas de alcohol marca\u00a0 Jacquard\u00a0Pi\u00f1ata\u00a0provenientes de Estados Unidos.<br \/>\nColores: negro, verde, azul, morado, rojo, naranjo, amarillo, dorado y blanco<\/p>\n<p>Tama\u00f1o: 14.79 ml<\/p>\n<p>LAS TINTAS SOLO VENDEN\u00a0EN KIT COMPLETO RESINA+SET PI\u00d1ATA NO SE VENDEN POR SEPARADO<br \/>\n*Se recomienda siempre el uso de guantes, mascarilla y trabajar en lugar ventilado*<\/p>\n","protected":false},"featured_media":4419,"template":"","meta":{"site-sidebar-layout":"default","site-content-layout":"default","ast-site-content-layout":"default","site-content-style":"default","site-sidebar-style":"default","ast-global-header-display":"","ast-banner-title-visibility":"","ast-main-header-display":"","ast-hfb-above-header-display":"","ast-hfb-below-header-display":"","ast-hfb-mobile-header-display":"","site-post-title":"","ast-breadcrumbs-content":"","ast-featured-img":"","footer-sml-layout":"","theme-transparent-header-meta":"default","adv-header-id-meta":"","stick-header-meta":"","header-above-stick-meta":"","header-main-stick-meta":"","header-below-stick-meta":"","astra-migrate-meta-layouts":"default","ast-page-background-enabled":"default","ast-page-background-meta":{"desktop":{"background-color":"","background-image":"","background-repeat":"repeat","background-position":"center center","background-size":"auto","background-attachment":"scroll","background-type":"","background-media":"","overlay-type":"","overlay-color":"","overlay-opacity":"","overlay-gradient":""},"tablet":{"background-color":"","background-image":"","background-repeat":"repeat","background-position":"center center","background-size":"auto","background-attachment":"scroll","background-type":"","background-media":"","overlay-type":"","overlay-color":"","overlay-opacity":"","overlay-gradient":""},"mobile":{"background-color":"","background-image":"","background-repeat":"repeat","background-position":"center center","background-size":"auto","background-attachment":"scroll","background-type":"","background-media":"","overlay-type":"","overlay-color":"","overlay-opacity":"","overlay-gradient":""}},"ast-content-background-meta":{"desktop":{"background-color":"var(--ast-global-color-5)","background-image":"","background-repeat":"repeat","background-position":"center center","background-size":"auto","background-attachment":"scroll","background-type":"","background-media":"","overlay-type":"","overlay-color":"","overlay-opacity":"","overlay-gradient":""},"tablet":{"background-color":"var(--ast-global-color-5)","background-image":"","background-repeat":"repeat","background-position":"center center","background-size":"auto","background-attachment":"scroll","background-type":"","background-media":"","overlay-type":"","overlay-color":"","overlay-opacity":"","overlay-gradient":""},"mobile":{"background-color":"var(--ast-global-color-5)","background-image":"","background-repeat":"repeat","background-position":"center center","background-size":"auto","background-attachment":"scroll","background-type":"","background-media":"","overlay-type":"","overlay-color":"","overlay-opacity":"","overlay-gradient":""}},"_jet_sm_ready_style":"","_jet_sm_style":"","_jet_sm_controls_values":"","_jet_sm_fonts_collection":"","_jet_sm_fonts_links":""},"product_brand":[],"product_cat":[99,30],"product_tag":[],"class_list":{"0":"post-3420","1":"product","2":"type-product","3":"status-publish","4":"has-post-thumbnail","6":"product_cat-ofertas","7":"product_cat-resinas","8":"desktop-align-left","9":"tablet-align-left","10":"mobile-align-left","12":"first","13":"instock","14":"sale","15":"purchasable","16":"product-type-simple"},"_links":{"self":[{"href":"https:\/\/resinart.cl\/sitio\/wp-json\/wp\/v2\/product\/3420","targetHints":{"allow":["GET"]}}],"collection":[{"href":"https:\/\/resinart.cl\/sitio\/wp-json\/wp\/v2\/product"}],"about":[{"href":"https:\/\/resinart.cl\/sitio\/wp-json\/wp\/v2\/types\/product"}],"version-history":[{"count":2,"href":"https:\/\/resinart.cl\/sitio\/wp-json\/wp\/v2\/product\/3420\/revisions"}],"predecessor-version":[{"id":4928,"href":"https:\/\/resinart.cl\/sitio\/wp-json\/wp\/v2\/product\/3420\/revisions\/4928"}],"wp:featuredmedia":[{"embeddable":true,"href":"https:\/\/resinart.cl\/sitio\/wp-json\/wp\/v2\/media\/4419"}],"wp:attachment":[{"href":"https:\/\/resinart.cl\/sitio\/wp-json\/wp\/v2\/media?parent=3420"}],"wp:term":[{"taxonomy":"product_brand","embeddable":true,"href":"https:\/\/resinart.cl\/sitio\/wp-json\/wp\/v2\/product_brand?post=3420"},{"taxonomy":"product_cat","embeddable":true,"href":"https:\/\/resinart.cl\/sitio\/wp-json\/wp\/v2\/product_cat?post=3420"},{"taxonomy":"product_tag","embeddable":true,"href":"https:\/\/resinart.cl\/sitio\/wp-json\/wp\/v2\/product_tag?post=3420"}],"curies":[{"name":"wp","href":"https:\/\/api.w.org\/{rel}","templated":true}]}}