{"id":3057,"date":"2022-07-29T18:54:00","date_gmt":"2022-07-29T18:54:00","guid":{"rendered":"https:\/\/resinart.cl\/sitio\/producto\/resina-joyas-y-manualidades-cristal-kit-300g\/"},"modified":"2026-04-14T22:47:01","modified_gmt":"2026-04-15T02:47:01","slug":"resina-joyas-y-manualidades-cristal-kit-300g","status":"publish","type":"product","link":"https:\/\/resinart.cl\/sitio\/producto\/resina-joyas-y-manualidades-cristal-kit-300g\/","title":{"rendered":"Resina Joyas y Manualidades CRISTAL KIT 300g"},"content":{"rendered":"<p>**Muchas veces\u00a0el envase es de mayor\u00a0cantidad\u00a0 que el contenido de resina y endurecedor por lo que se puede ver que el contenido es\u00a0menor\u00a0que el envase, recuerda que los productos juntos hacen un kilo 200g de resina 100g de endurecedor.**<\/p>\n","protected":false},"excerpt":{"rendered":"<p>Resina Ep\u00f3xica cristalina, de alto brillo, f\u00e1cil mezclar 2 A 1, muy baja viscosidad. Posee filtro UV, por lo que no se pondr\u00e1 amarillenta, no es t\u00f3xica y sin olor. Ideal para joyas, orgones, trabajos de arte, encapsulados, manualidades entre otras\u00a0cosas. El kit incluye resina 200g, endurecedor 100g, palitos de mezcla, vasos de medida , pocillo de mezcla e instructivo.<br \/>\nSe\u00a0recomienda\u00a0\u00a0realizar distintas pruebas y ensayos previos a tu gran proyecto para que as\u00ed conozcas bien el producto. Recordar siempre pesar en pesa los componentes<br \/>\n*** KIT NO INCLUYEN GUANTES****<br \/>\n*Se recomienda siempre el uso de guantes, mascarilla y trabajar en lugar ventilado*<\/p>\n<p>Tiempo de curado 12-24 horas en una temp de 23\u00ba. Temperatura m\u00e1xima 60\u00aa<\/p>\n<p>* No trabajar m\u00e1s de 200g de producto por una vez para no provocar reaccione isot\u00e9rmicas.<\/p>\n<p>Si trabajas en maderas recomendamos el trabajo por etapas, un primer d\u00eda una delgada capa\u00a0 para que se absorba a la madera y\u00a0 al segundo d\u00eda aplica otra capa de resina.<\/p>\n","protected":false},"featured_media":4455,"template":"","meta":{"site-sidebar-layout":"default","site-content-layout":"default","ast-site-content-layout":"default","site-content-style":"default","site-sidebar-style":"default","ast-global-header-display":"","ast-banner-title-visibility":"","ast-main-header-display":"","ast-hfb-above-header-display":"","ast-hfb-below-header-display":"","ast-hfb-mobile-header-display":"","site-post-title":"","ast-breadcrumbs-content":"","ast-featured-img":"","footer-sml-layout":"","theme-transparent-header-meta":"default","adv-header-id-meta":"","stick-header-meta":"","header-above-stick-meta":"","header-main-stick-meta":"","header-below-stick-meta":"","astra-migrate-meta-layouts":"default","ast-page-background-enabled":"default","ast-page-background-meta":{"desktop":{"background-color":"","background-image":"","background-repeat":"repeat","background-position":"center center","background-size":"auto","background-attachment":"scroll","background-type":"","background-media":"","overlay-type":"","overlay-color":"","overlay-opacity":"","overlay-gradient":""},"tablet":{"background-color":"","background-image":"","background-repeat":"repeat","background-position":"center center","background-size":"auto","background-attachment":"scroll","background-type":"","background-media":"","overlay-type":"","overlay-color":"","overlay-opacity":"","overlay-gradient":""},"mobile":{"background-color":"","background-image":"","background-repeat":"repeat","background-position":"center center","background-size":"auto","background-attachment":"scroll","background-type":"","background-media":"","overlay-type":"","overlay-color":"","overlay-opacity":"","overlay-gradient":""}},"ast-content-background-meta":{"desktop":{"background-color":"var(--ast-global-color-5)","background-image":"","background-repeat":"repeat","background-position":"center center","background-size":"auto","background-attachment":"scroll","background-type":"","background-media":"","overlay-type":"","overlay-color":"","overlay-opacity":"","overlay-gradient":""},"tablet":{"background-color":"var(--ast-global-color-5)","background-image":"","background-repeat":"repeat","background-position":"center center","background-size":"auto","background-attachment":"scroll","background-type":"","background-media":"","overlay-type":"","overlay-color":"","overlay-opacity":"","overlay-gradient":""},"mobile":{"background-color":"var(--ast-global-color-5)","background-image":"","background-repeat":"repeat","background-position":"center center","background-size":"auto","background-attachment":"scroll","background-type":"","background-media":"","overlay-type":"","overlay-color":"","overlay-opacity":"","overlay-gradient":""}},"_jet_sm_ready_style":"","_jet_sm_style":"","_jet_sm_controls_values":"","_jet_sm_fonts_collection":"","_jet_sm_fonts_links":""},"product_brand":[],"product_cat":[99,30],"product_tag":[],"class_list":{"0":"post-3057","1":"product","2":"type-product","3":"status-publish","4":"has-post-thumbnail","6":"product_cat-ofertas","7":"product_cat-resinas","8":"desktop-align-left","9":"tablet-align-left","10":"mobile-align-left","12":"first","13":"instock","14":"sale","15":"purchasable","16":"product-type-simple"},"_links":{"self":[{"href":"https:\/\/resinart.cl\/sitio\/wp-json\/wp\/v2\/product\/3057","targetHints":{"allow":["GET"]}}],"collection":[{"href":"https:\/\/resinart.cl\/sitio\/wp-json\/wp\/v2\/product"}],"about":[{"href":"https:\/\/resinart.cl\/sitio\/wp-json\/wp\/v2\/types\/product"}],"version-history":[{"count":2,"href":"https:\/\/resinart.cl\/sitio\/wp-json\/wp\/v2\/product\/3057\/revisions"}],"predecessor-version":[{"id":5320,"href":"https:\/\/resinart.cl\/sitio\/wp-json\/wp\/v2\/product\/3057\/revisions\/5320"}],"wp:featuredmedia":[{"embeddable":true,"href":"https:\/\/resinart.cl\/sitio\/wp-json\/wp\/v2\/media\/4455"}],"wp:attachment":[{"href":"https:\/\/resinart.cl\/sitio\/wp-json\/wp\/v2\/media?parent=3057"}],"wp:term":[{"taxonomy":"product_brand","embeddable":true,"href":"https:\/\/resinart.cl\/sitio\/wp-json\/wp\/v2\/product_brand?post=3057"},{"taxonomy":"product_cat","embeddable":true,"href":"https:\/\/resinart.cl\/sitio\/wp-json\/wp\/v2\/product_cat?post=3057"},{"taxonomy":"product_tag","embeddable":true,"href":"https:\/\/resinart.cl\/sitio\/wp-json\/wp\/v2\/product_tag?post=3057"}],"curies":[{"name":"wp","href":"https:\/\/api.w.org\/{rel}","templated":true}]}}