{"id":3046,"date":"2022-07-29T18:53:13","date_gmt":"2022-07-29T18:53:13","guid":{"rendered":"https:\/\/resinart.cl\/sitio\/producto\/desmoldante-50ml\/"},"modified":"2026-03-30T12:31:04","modified_gmt":"2026-03-30T15:31:04","slug":"desmoldante-50ml","status":"publish","type":"product","link":"https:\/\/resinart.cl\/sitio\/producto\/desmoldante-50ml\/","title":{"rendered":"Desmoldante 50ml"},"content":{"rendered":"","protected":false},"excerpt":{"rendered":"<p>Se aplica en los moldes de silicona para un f\u00e1cil y r\u00e1pido desarmado de tus piezas y creaciones prolonga la vida \u00fatil a los moldes de silicona, se utiliza una muy peque\u00f1a cantidad.<br \/>\nAplica un spray en el molde esparce con el dedo y luego quita los excedentes con papel, solo es necesario una m\u00ednima cantidad si aplicas m\u00e1s de lo necesario las piezas pueden quedarte opacas o aceitosas.<br \/>\nRecuerda despu\u00e9s de utilizar tus moldes limpiarlos o lavarlos con agua y jab\u00f3n, si dejas exceso de desmoldante podr\u00e1s da\u00f1ar tus moldes y piezas.<br \/>\nNUEVO FORMATO 50\u00a0ml<\/p>\n","protected":false},"featured_media":4406,"template":"","meta":{"site-sidebar-layout":"default","site-content-layout":"","ast-site-content-layout":"default","site-content-style":"default","site-sidebar-style":"default","ast-global-header-display":"","ast-banner-title-visibility":"","ast-main-header-display":"","ast-hfb-above-header-display":"","ast-hfb-below-header-display":"","ast-hfb-mobile-header-display":"","site-post-title":"","ast-breadcrumbs-content":"","ast-featured-img":"","footer-sml-layout":"","theme-transparent-header-meta":"","adv-header-id-meta":"","stick-header-meta":"","header-above-stick-meta":"","header-main-stick-meta":"","header-below-stick-meta":"","astra-migrate-meta-layouts":"default","ast-page-background-enabled":"default","ast-page-background-meta":{"desktop":{"background-color":"","background-image":"","background-repeat":"repeat","background-position":"center center","background-size":"auto","background-attachment":"scroll","background-type":"","background-media":"","overlay-type":"","overlay-color":"","overlay-opacity":"","overlay-gradient":""},"tablet":{"background-color":"","background-image":"","background-repeat":"repeat","background-position":"center center","background-size":"auto","background-attachment":"scroll","background-type":"","background-media":"","overlay-type":"","overlay-color":"","overlay-opacity":"","overlay-gradient":""},"mobile":{"background-color":"","background-image":"","background-repeat":"repeat","background-position":"center center","background-size":"auto","background-attachment":"scroll","background-type":"","background-media":"","overlay-type":"","overlay-color":"","overlay-opacity":"","overlay-gradient":""}},"ast-content-background-meta":{"desktop":{"background-color":"var(--ast-global-color-5)","background-image":"","background-repeat":"repeat","background-position":"center center","background-size":"auto","background-attachment":"scroll","background-type":"","background-media":"","overlay-type":"","overlay-color":"","overlay-opacity":"","overlay-gradient":""},"tablet":{"background-color":"var(--ast-global-color-5)","background-image":"","background-repeat":"repeat","background-position":"center center","background-size":"auto","background-attachment":"scroll","background-type":"","background-media":"","overlay-type":"","overlay-color":"","overlay-opacity":"","overlay-gradient":""},"mobile":{"background-color":"var(--ast-global-color-5)","background-image":"","background-repeat":"repeat","background-position":"center center","background-size":"auto","background-attachment":"scroll","background-type":"","background-media":"","overlay-type":"","overlay-color":"","overlay-opacity":"","overlay-gradient":""}},"_jet_sm_ready_style":"","_jet_sm_style":"","_jet_sm_controls_values":"","_jet_sm_fonts_collection":"","_jet_sm_fonts_links":""},"product_brand":[],"product_cat":[99,58],"product_tag":[],"class_list":{"0":"post-3046","1":"product","2":"type-product","3":"status-publish","4":"has-post-thumbnail","6":"product_cat-ofertas","7":"product_cat-otros","8":"desktop-align-left","9":"tablet-align-left","10":"mobile-align-left","12":"first","13":"instock","14":"sale","15":"purchasable","16":"product-type-simple"},"_links":{"self":[{"href":"https:\/\/resinart.cl\/sitio\/wp-json\/wp\/v2\/product\/3046","targetHints":{"allow":["GET"]}}],"collection":[{"href":"https:\/\/resinart.cl\/sitio\/wp-json\/wp\/v2\/product"}],"about":[{"href":"https:\/\/resinart.cl\/sitio\/wp-json\/wp\/v2\/types\/product"}],"version-history":[{"count":1,"href":"https:\/\/resinart.cl\/sitio\/wp-json\/wp\/v2\/product\/3046\/revisions"}],"predecessor-version":[{"id":4319,"href":"https:\/\/resinart.cl\/sitio\/wp-json\/wp\/v2\/product\/3046\/revisions\/4319"}],"wp:featuredmedia":[{"embeddable":true,"href":"https:\/\/resinart.cl\/sitio\/wp-json\/wp\/v2\/media\/4406"}],"wp:attachment":[{"href":"https:\/\/resinart.cl\/sitio\/wp-json\/wp\/v2\/media?parent=3046"}],"wp:term":[{"taxonomy":"product_brand","embeddable":true,"href":"https:\/\/resinart.cl\/sitio\/wp-json\/wp\/v2\/product_brand?post=3046"},{"taxonomy":"product_cat","embeddable":true,"href":"https:\/\/resinart.cl\/sitio\/wp-json\/wp\/v2\/product_cat?post=3046"},{"taxonomy":"product_tag","embeddable":true,"href":"https:\/\/resinart.cl\/sitio\/wp-json\/wp\/v2\/product_tag?post=3046"}],"curies":[{"name":"wp","href":"https:\/\/api.w.org\/{rel}","templated":true}]}}