{"id":4649,"date":"2022-08-23T21:13:10","date_gmt":"2022-08-23T21:13:10","guid":{"rendered":"https:\/\/resinart.cl\/sitio\/?page_id=4649"},"modified":"2022-08-23T21:16:39","modified_gmt":"2022-08-23T21:16:39","slug":"politicas-de-privacidad-y-seguridad","status":"publish","type":"page","link":"https:\/\/resinart.cl\/sitio\/politicas-de-privacidad-y-seguridad\/","title":{"rendered":"Pol\u00edticas de Privacidad y Seguridad"},"content":{"rendered":"\t\t<div data-elementor-type=\"wp-page\" data-elementor-id=\"4649\" class=\"elementor elementor-4649\" data-elementor-post-type=\"page\">\n\t\t\t\t\t\t<section class=\"elementor-section elementor-top-section elementor-element elementor-element-c2ef2dc elementor-section-boxed elementor-section-height-default elementor-section-height-default\" data-id=\"c2ef2dc\" data-element_type=\"section\" data-settings=\"{&quot;jet_parallax_layout_list&quot;:[]}\">\n\t\t\t\t\t\t<div class=\"elementor-container elementor-column-gap-default\">\n\t\t\t\t\t<div class=\"elementor-column elementor-col-100 elementor-top-column elementor-element elementor-element-a41e8d9\" data-id=\"a41e8d9\" data-element_type=\"column\">\n\t\t\t<div class=\"elementor-widget-wrap elementor-element-populated\">\n\t\t\t\t\t\t<div class=\"elementor-element elementor-element-fbcf4b2 elementor-widget elementor-widget-heading\" data-id=\"fbcf4b2\" data-element_type=\"widget\" data-widget_type=\"heading.default\">\n\t\t\t\t<div class=\"elementor-widget-container\">\n\t\t\t\t\t<h2 class=\"elementor-heading-title elementor-size-default\">Pol\u00edticas de Privacidad y Seguridad del Cliente<\/h2>\t\t\t\t<\/div>\n\t\t\t\t<\/div>\n\t\t\t\t\t<\/div>\n\t\t<\/div>\n\t\t\t\t\t<\/div>\n\t\t<\/section>\n\t\t\t\t<section class=\"elementor-section elementor-top-section elementor-element elementor-element-8887262 elementor-section-boxed elementor-section-height-default elementor-section-height-default\" data-id=\"8887262\" data-element_type=\"section\" data-settings=\"{&quot;jet_parallax_layout_list&quot;:[]}\">\n\t\t\t\t\t\t<div class=\"elementor-container elementor-column-gap-default\">\n\t\t\t\t\t<div class=\"elementor-column elementor-col-100 elementor-top-column elementor-element elementor-element-8ab54bd\" data-id=\"8ab54bd\" data-element_type=\"column\">\n\t\t\t<div class=\"elementor-widget-wrap elementor-element-populated\">\n\t\t\t\t\t\t<div class=\"elementor-element elementor-element-f36fe49 elementor-widget elementor-widget-text-editor\" data-id=\"f36fe49\" data-element_type=\"widget\" data-widget_type=\"text-editor.default\">\n\t\t\t\t<div class=\"elementor-widget-container\">\n\t\t\t\t\t\t\t\t\t<p>1. Nuestro compromiso con la privacidad:<br \/>Mepsystem Ltda., en adelante \u201cMepsystem\u201d, representante exclusivo para Chile de Resinart, reconoce que la protecci\u00f3n de la informaci\u00f3n personal que recibe de los visitantes de su sitio web es muy importante. La recolecci\u00f3n de dicha informaci\u00f3n nos permite desarrollar y mantener un contacto cercano con quienes visitan sitio web de propiedad de Mepsystem, entendiendo mejor forma sus inquietudes y de esta manera ser m\u00e1s sensibles a usted, as\u00ed como ayudarnos a gestionar mejor neuestro negocio. Para proteger mejor su privacidad, proporcionamos este aviso que explica nuestras pr\u00e1cticas de informaci\u00f3n en l\u00ednea y las opciones que usted puede hacer sobre la forma de recopilaci\u00f3n de informaci\u00f3n utilizada.<\/p><p>2. Sitio cubierto por esta Pol\u00edtica de Privacidad<br \/>Esta pol\u00edtica de privacidad se aplica a sitio web \u201cresinart.cl\u201d de propiedad de Mepsystem y operada por el mismo.<\/p><p>3. La informaci\u00f3n que recopilamos:<br \/>Al visitar nuestro sitio web propiedad de Mepsystem, recopilamos informaci\u00f3n personal no identificable sobre usted, y tambi\u00e9n podemos recopilar informaci\u00f3n de identificaci\u00f3n personal que usted nos proporciona.<\/p><p>Informaci\u00f3n no personal identificable es informaci\u00f3n que no puede ser usada para identificar o contactar con usted y esta informaci\u00f3n no se asocia con una identidad personal espec\u00edfica. Es aquella informaci\u00f3n que, recopilamos autom\u00e1ticamente a partir de que mediante el seguimiento de su uso de nuestro sitio web propiedad de Mepsystem, mediante el uso de la tecnolog\u00eda y la metodolog\u00eda que permite el seguimiento, tales como el uso de cookies, e incluye pero no se limita a la informaci\u00f3n, tales como el tipo de dominio, la versi\u00f3n del navegador, proveedor de servicios, la direcci\u00f3n de protocolo de Internet, el tiempo y p\u00e1gina visitada en nuestro sitio Web operado por Mepsystem, as\u00ed como informaci\u00f3n buscada en nuestra p\u00e1gina web operadas por Mepsystem. Una \u00abcookie\u00bb es un peque\u00f1o archivo que un sitio web transfiere al disco duro del ordenador del visitante para prop\u00f3sitos de mantenimiento de registros.<\/p><p>Este seguimiento a trav\u00e9s del uso de cookies por s\u00ed sola no revela nada acerca de usted personalmente, ni nos proporciona ninguna informaci\u00f3n que le identifique personalmente, como su nombre, direcci\u00f3n de correo electr\u00f3nico u otra informaci\u00f3n de identificaci\u00f3n personal. Dicha informaci\u00f3n de identificaci\u00f3n personal es informaci\u00f3n que usted, a su elecci\u00f3n, voluntariamente nos proporciona durante su visita a nuestro sitio web de propiedad de Mepsystem e incluye pero no se limita a la informaci\u00f3n, tales como sus aficiones e intereses, g\u00e9nero, edad, nivel de educaci\u00f3n, nivel de habilidad fotogr\u00e1fica, as\u00ed como las compras de y su experiencia con nuestros productos, en general informaci\u00f3n que nos permite cercan\u00eda con nuestros clientes, en este \u00e1mbito de relaci\u00f3n.<\/p><p>Informaci\u00f3n de identificaci\u00f3n personal es informaci\u00f3n que est\u00e1 asociada con el nombre de una persona o la identidad personal y se puede utilizar para identificar o ponerse en contacto con usted. Esto incluye pero no se limita a la informaci\u00f3n tal como su nombre, direcci\u00f3n postal, direcci\u00f3n de correo electr\u00f3nico, n\u00famero de tel\u00e9fono, n\u00famero de fax y tarjeta de cr\u00e9dito \/ informaci\u00f3n de tarjeta de d\u00e9bito. Nosotros no recopilamos informaci\u00f3n personal identificable de ni\u00f1os menores de edad seg\u00fan nuestra legislaci\u00f3n.<\/p><p>4. C\u00f3mo usamos la informaci\u00f3n recopilada<br \/>Mepsystem utiliza la informaci\u00f3n recogida para ayudarnos a entender mejor sus necesidades e intereses para que, podamos brindarle un mejor servicio. En concreto, utilizamos informaci\u00f3n de identificaci\u00f3n personal para ayudarle a completar una transacci\u00f3n o pedido con nosotros, responder sus preguntas, peticiones, proporcionar y actualizar informaci\u00f3n de usted en nuestro servicio al cliente y apoyo, para que le notifiquen sobre ofertas promocionales o especiales, para comunicarse con usted acerca de nuestros productos y servicios, y para que pueda participar en una funci\u00f3n interactiva. La informaci\u00f3n personal identificable en forma de tarjeta de cr\u00e9dito \/ d\u00e9bito se utiliza \u00fanicamente para procesar pagos y la prevenci\u00f3n del fraude. Nuestro m\u00e9todo de identificaci\u00f3n no personal de informaci\u00f3n para aumentar la facilidad de funcionalidad y facilidad de nuestro sitio web operadas por Mepsystem, as\u00ed como para mejorar la experiencia del dise\u00f1o, el contenido y el usuario de nuestro sitio web operado por Mepsystem. Tambi\u00e9n podemos utilizar sin informaci\u00f3n de identificaci\u00f3n personal para fines de investigaci\u00f3n como el an\u00e1lisis de c\u00f3mo los visitantes usan nuestro sitio propiedad de Mepsystem. Adem\u00e1s, podemos tomar su informaci\u00f3n personal y hacer que no lo identifique personalmente, o bien si se combina con informaci\u00f3n acerca de otros individuos (la agregaci\u00f3n de la informaci\u00f3n con informaci\u00f3n acerca de otras personas), o mediante la eliminaci\u00f3n de caracter\u00edsticas, como su nombre, que hacen la informaci\u00f3n de identificaci\u00f3n personal para usted, es decir, de-personalizar su informaci\u00f3n. Dada la naturaleza de informaci\u00f3n, no hay restricciones en virtud de esta pol\u00edtica de privacidad en el derecho de Mepsystem a la agregaci\u00f3n o de-personalizar su informaci\u00f3n de identificaci\u00f3n personal, y el uso y \/ o compartir con terceros la resultante no informaci\u00f3n de identificaci\u00f3n personal de ninguna manera.<\/p><p>5. Con qui\u00e9n compartimos informaci\u00f3n<br \/>Mepsystem no tiene que vender, alquilar o ceder cualquiera de su informaci\u00f3n personal identificable a terceros. Mepsystem tambi\u00e9n no comparte su informaci\u00f3n de identificaci\u00f3n personal con terceros, excepto nosotros podemos revelar informaci\u00f3n de identificaci\u00f3n personal a nuestros propios centros de negocios, casa matriz, y \/ o terceros no afiliados que trabajan en nuestro nombre o con nosotros, como agentes, vendedores y proveedores, pero s\u00f3lo con el prop\u00f3sito de que puedan cumplir con sus solicitudes a nosotros en busca de productos, servicios o informaci\u00f3n. Todas estas partes afiliadas y no afiliadas que tienen acceso a la informaci\u00f3n de identificaci\u00f3n personal est\u00e1n obligadas a mantener dicha informaci\u00f3n confidencial y no pueden usarla para ning\u00fan otro prop\u00f3sito que para llevar a cabo los servicios que est\u00e1n realizando para Mepsystem y seg\u00fan lo requerido por la ley. Salvo que se indique lo contrario en esta pol\u00edtica, Mepsystem no compartir\u00e1 informaci\u00f3n personal con terceros sin su permiso, a menos que (a) cumplir con cualquier ley de citaci\u00f3n, reglamento u orden judicial, (b) responder a solicitudes de las autoridades gubernamentales, o (c) ayudar a prevenir el fraude o para proteger la seguridad, los derechos, propiedad o seguridad de Mepsystem, as\u00ed como la de terceros.<\/p><p>6. Enlaces a sitios que no sean de propiedad de Mepsystem<br \/>El Sitio Web operado por Mepsystem puede proporcionar enlaces a otros sitios web que no son propiedad de Mepsystem y son propiedad de empresas que, son ya sea afiliado o no afiliado con Mepsystem. Estos enlaces a sitios web que no sean de propiedad de Mepsystem, se proporcionan como una cuesti\u00f3n de conveniencia y con fines informativos. Si usted accede a cualquiera de estos enlaces, usted ya no estar\u00e1 en una p\u00e1gina web operada por Mepsystem. Nosotros no avalamos ni hacemos ninguna declaraci\u00f3n acerca de que no sean sitios web propiedad de Mepsystem, y no somos responsables y que renuncia a toda garant\u00eda, expresa o impl\u00edcita, en cuanto a la privacidad, el contenido o la seguridad de este tipo que no sean sitios web de propiedad de Mepsystem. Usted es responsable de revisar, y alentamos a que revise las pol\u00edticas, incluyendo la pol\u00edtica de privacidad de tales sitios web que no sean de propiedad de Mepsystem.<\/p><p>7. Nuestro compromiso con la seguridad de la informaci\u00f3n<br \/>La seguridad de la informaci\u00f3n es importante en Mepsystem, y aunque ninguna medida de seguridad es perfecta o impenetrable y no podemos garantizar la seguridad de la informaci\u00f3n que usted nos proporciona, usted puede estar seguro de que mantenemos medidas f\u00edsicas, electr\u00f3nicas, administrativas, garant\u00edas y revisi\u00f3n peri\u00f3dica de dichas medidas de seguridad y de garant\u00edas para proteger su informaci\u00f3n de identificaci\u00f3n personal del acceso no autorizado o inapropiado y uso.<\/p><p>8. Nuestro compromiso con la privacidad de los ni\u00f1os<br \/>Nuestro sitio web de propiedad de Mepsystem, no est\u00e1 dirigidos a los ni\u00f1os, y no solicita ni recopila informaci\u00f3n personal de o acerca de los ni\u00f1os menores seg\u00fan nuestra legislaci\u00f3n. Si alg\u00fan padre o tutor descubre que su hijo \/ a ha proporcionado informaci\u00f3n personal a Mepsystem, env\u00ede un correo electr\u00f3nico contacto@resinart.cl para que dicha informaci\u00f3n sea borrada de nuestros registros.<\/p><p>9. \u00bfC\u00f3mo acceder o actualizar su informaci\u00f3n?<br \/>Se puede acceder a nuestro sitio web, propiedad de Mepsystem en cualquier circunstancia, con excepci\u00f3n en casos fortuitos ajenos a Mepsystem en su normal y continua conexi\u00f3n a sitio web, pudiendo los usuarios editar, modificar o actualizar datos proporcionados por el mismo con anterioridad, sobre su identificaci\u00f3n personal y que mantenemos, al visitar base de datos de conocimientos de Mepsystem. Utilizamos este procedimiento para salvaguardar mejor su informaci\u00f3n de identificaci\u00f3n personal.<\/p><p>Para proteger su privacidad y la seguridad, tambi\u00e9n tomaremos medidas para verificar su identidad antes de permitirle el acceso a modificar o realizar ingreso de informaci\u00f3n personal.<\/p><p>10. Sus preferencias de privacidad de Informaci\u00f3n, Identificaci\u00f3n Personal de Opci\u00f3n de Entrada \/ Salida<br \/>Mepsystem no har\u00e1 uso de su informaci\u00f3n personal identificable para el prop\u00f3sito (s) que no sea el objetivo (s) principalmente proporcionado a nosotros. Lo que esto significa es que Mepsystem no enviar\u00e1 informaci\u00f3n sobre los productos Resinart, servicios, promociones, eventos, actualizaciones de firmware o el software y avisos de servicio, as\u00ed como la manera de disfrutar m\u00e1s de sus productos Resinart y fotograf\u00eda a menos que expresamente sea solicitado. Esta solicitud podr\u00e1 realizarla poni\u00e9ndose en contacto con nosotros mediante noticias enviadas por correo electr\u00f3nico a nuestro sitio web. Adem\u00e1s, en el caso de que usted ya no desee recibir informaci\u00f3n requerida por los medios ya indicados, podr\u00e1 ponerse en contacto con nosotros en preferencias de correos electr\u00f3nicos de Mepsystem y desistir de dicha informaci\u00f3n.<\/p><p>11. Cambios en la pol\u00edtica<br \/>Al visitar nuestro sitio web operado por Mepsystem, usted da su consentimiento a nuestra colecci\u00f3n y uso de su informaci\u00f3n como se establece en esta pol\u00edtica. Mepsystem se reserva el derecho a modificar o complementar esta pol\u00edtica de privacidad, incluyendo la recopilaci\u00f3n y el uso y las pr\u00e1cticas relacionadas con el negocio, en cualquier momento mediante la publicaci\u00f3n actualizada en nuestro sitio Web operado por Mepsystem. Cambios en esta pol\u00edtica de privacidad son efectivos en el momento en que se publican en nuestro sitio web operado por Mepsystem. Por esta raz\u00f3n, es su responsabilidad y Mepsystem alienta a que Usted revise esta pol\u00edtica de privacidad cada vez que visite nuestro sitio web propiedad de Mepsystem.<\/p><p>12. \u00bfC\u00f3mo comunicarse con nosotros?<br \/>Si usted tiene alguna pregunta, comentario o inquietud con respecto a nuestras pr\u00e1cticas de privacidad o sobre esta declaraci\u00f3n de pol\u00edtica de privacidad, por favor no dude en contactar con nosotros a correo electr\u00f3nico contacto@resinart.cl.<\/p>\t\t\t\t\t\t\t\t<\/div>\n\t\t\t\t<\/div>\n\t\t\t\t\t<\/div>\n\t\t<\/div>\n\t\t\t\t\t<\/div>\n\t\t<\/section>\n\t\t\t\t<\/div>\n\t\t","protected":false},"excerpt":{"rendered":"<p>Pol\u00edticas de Privacidad y Seguridad del Cliente 1. Nuestro compromiso con la privacidad:Mepsystem Ltda., en adelante \u201cMepsystem\u201d, representante exclusivo para Chile de Resinart, reconoce que la protecci\u00f3n de la informaci\u00f3n personal que recibe de los visitantes de su sitio web es muy importante. La recolecci\u00f3n de dicha informaci\u00f3n nos permite desarrollar y mantener un contacto [&hellip;]<\/p>\n","protected":false},"author":1,"featured_media":0,"parent":0,"menu_order":0,"comment_status":"closed","ping_status":"closed","template":"","meta":{"site-sidebar-layout":"no-sidebar","site-content-layout":"page-builder","ast-site-content-layout":"default","site-content-style":"default","site-sidebar-style":"default","ast-global-header-display":"","ast-banner-title-visibility":"","ast-main-header-display":"","ast-hfb-above-header-display":"","ast-hfb-below-header-display":"","ast-hfb-mobile-header-display":"","site-post-title":"disabled","ast-breadcrumbs-content":"","ast-featured-img":"disabled","footer-sml-layout":"","theme-transparent-header-meta":"","adv-header-id-meta":"","stick-header-meta":"","header-above-stick-meta":"","header-main-stick-meta":"","header-below-stick-meta":"","astra-migrate-meta-layouts":"default","ast-page-background-enabled":"default","ast-page-background-meta":{"desktop":{"background-color":"","background-image":"","background-repeat":"repeat","background-position":"center center","background-size":"auto","background-attachment":"scroll","background-type":"","background-media":"","overlay-type":"","overlay-color":"","overlay-opacity":"","overlay-gradient":""},"tablet":{"background-color":"","background-image":"","background-repeat":"repeat","background-position":"center center","background-size":"auto","background-attachment":"scroll","background-type":"","background-media":"","overlay-type":"","overlay-color":"","overlay-opacity":"","overlay-gradient":""},"mobile":{"background-color":"","background-image":"","background-repeat":"repeat","background-position":"center center","background-size":"auto","background-attachment":"scroll","background-type":"","background-media":"","overlay-type":"","overlay-color":"","overlay-opacity":"","overlay-gradient":""}},"ast-content-background-meta":{"desktop":{"background-color":"var(--ast-global-color-5)","background-image":"","background-repeat":"repeat","background-position":"center center","background-size":"auto","background-attachment":"scroll","background-type":"","background-media":"","overlay-type":"","overlay-color":"","overlay-opacity":"","overlay-gradient":""},"tablet":{"background-color":"var(--ast-global-color-5)","background-image":"","background-repeat":"repeat","background-position":"center center","background-size":"auto","background-attachment":"scroll","background-type":"","background-media":"","overlay-type":"","overlay-color":"","overlay-opacity":"","overlay-gradient":""},"mobile":{"background-color":"var(--ast-global-color-5)","background-image":"","background-repeat":"repeat","background-position":"center center","background-size":"auto","background-attachment":"scroll","background-type":"","background-media":"","overlay-type":"","overlay-color":"","overlay-opacity":"","overlay-gradient":""}},"_jet_sm_ready_style":"","_jet_sm_style":"","_jet_sm_controls_values":"","_jet_sm_fonts_collection":"","_jet_sm_fonts_links":"","footnotes":""},"class_list":["post-4649","page","type-page","status-publish","hentry"],"_links":{"self":[{"href":"https:\/\/resinart.cl\/sitio\/wp-json\/wp\/v2\/pages\/4649","targetHints":{"allow":["GET"]}}],"collection":[{"href":"https:\/\/resinart.cl\/sitio\/wp-json\/wp\/v2\/pages"}],"about":[{"href":"https:\/\/resinart.cl\/sitio\/wp-json\/wp\/v2\/types\/page"}],"author":[{"embeddable":true,"href":"https:\/\/resinart.cl\/sitio\/wp-json\/wp\/v2\/users\/1"}],"replies":[{"embeddable":true,"href":"https:\/\/resinart.cl\/sitio\/wp-json\/wp\/v2\/comments?post=4649"}],"version-history":[{"count":7,"href":"https:\/\/resinart.cl\/sitio\/wp-json\/wp\/v2\/pages\/4649\/revisions"}],"predecessor-version":[{"id":4656,"href":"https:\/\/resinart.cl\/sitio\/wp-json\/wp\/v2\/pages\/4649\/revisions\/4656"}],"wp:attachment":[{"href":"https:\/\/resinart.cl\/sitio\/wp-json\/wp\/v2\/media?parent=4649"}],"curies":[{"name":"wp","href":"https:\/\/api.w.org\/{rel}","templated":true}]}}