{"id":4626,"date":"2022-08-23T18:42:01","date_gmt":"2022-08-23T18:42:01","guid":{"rendered":"https:\/\/resinart.cl\/sitio\/?page_id=4626"},"modified":"2023-12-07T16:21:38","modified_gmt":"2023-12-07T16:21:38","slug":"terminos-y-condiciones","status":"publish","type":"page","link":"https:\/\/resinart.cl\/sitio\/terminos-y-condiciones\/","title":{"rendered":"T\u00e9rminos y Condiciones"},"content":{"rendered":"\t\t<div data-elementor-type=\"wp-page\" data-elementor-id=\"4626\" class=\"elementor elementor-4626\" data-elementor-post-type=\"page\">\n\t\t\t\t\t\t<section class=\"elementor-section elementor-top-section elementor-element elementor-element-1a9d0d8 elementor-section-boxed elementor-section-height-default elementor-section-height-default\" data-id=\"1a9d0d8\" data-element_type=\"section\" data-settings=\"{&quot;jet_parallax_layout_list&quot;:[]}\">\n\t\t\t\t\t\t<div class=\"elementor-container elementor-column-gap-default\">\n\t\t\t\t\t<div class=\"elementor-column elementor-col-100 elementor-top-column elementor-element elementor-element-7f6334b\" data-id=\"7f6334b\" data-element_type=\"column\">\n\t\t\t<div class=\"elementor-widget-wrap elementor-element-populated\">\n\t\t\t\t\t\t<div class=\"elementor-element elementor-element-3a54db6 elementor-widget elementor-widget-heading\" data-id=\"3a54db6\" data-element_type=\"widget\" data-widget_type=\"heading.default\">\n\t\t\t\t<div class=\"elementor-widget-container\">\n\t\t\t\t\t<h2 class=\"elementor-heading-title elementor-size-default\">Condiciones de Venta, Env\u00edos y Devoluciones<\/h2>\t\t\t\t<\/div>\n\t\t\t\t<\/div>\n\t\t\t\t<div class=\"elementor-element elementor-element-2f67ffb elementor-widget elementor-widget-heading\" data-id=\"2f67ffb\" data-element_type=\"widget\" data-widget_type=\"heading.default\">\n\t\t\t\t<div class=\"elementor-widget-container\">\n\t\t\t\t\t<h2 class=\"elementor-heading-title elementor-size-default\">Devoluciones<\/h2>\t\t\t\t<\/div>\n\t\t\t\t<\/div>\n\t\t\t\t\t<\/div>\n\t\t<\/div>\n\t\t\t\t\t<\/div>\n\t\t<\/section>\n\t\t\t\t<section class=\"elementor-section elementor-top-section elementor-element elementor-element-62c97ce elementor-section-boxed elementor-section-height-default elementor-section-height-default\" data-id=\"62c97ce\" data-element_type=\"section\" data-settings=\"{&quot;jet_parallax_layout_list&quot;:[]}\">\n\t\t\t\t\t\t<div class=\"elementor-container elementor-column-gap-default\">\n\t\t\t\t\t<div class=\"elementor-column elementor-col-100 elementor-top-column elementor-element elementor-element-8f7acf0\" data-id=\"8f7acf0\" data-element_type=\"column\">\n\t\t\t<div class=\"elementor-widget-wrap elementor-element-populated\">\n\t\t\t\t\t\t<div class=\"elementor-element elementor-element-eb11411 elementor-widget elementor-widget-text-editor\" data-id=\"eb11411\" data-element_type=\"widget\" data-widget_type=\"text-editor.default\">\n\t\t\t\t<div class=\"elementor-widget-container\">\n\t\t\t\t\t\t\t\t\t<p>RESINART Y MEPSYSTEM no hacen devoluciones de dinero. Al realizar compras por internet, la Ley permite a los consumidores ejercer su derecho a retracto (arrepentirse) dentro de los 10 d\u00edas desde que recibi\u00f3 el producto o contrat\u00f3 el servicio. Siempre y cuando el producto este sin uso, sellado en su embalaje original. SIEMPRE QUE LA EMPRESA NO INFORME LO CONTRARIO, ya que para las empresas el derecho a retracto es FACULTATIVO, no OBLIGATORIO. Estas pol\u00edticas est\u00e1n avaladas por la ley N\u00ba 19.946 sobre la protecci\u00f3n de los derechos de los consumidores.<\/p><p>Al hacer una devoluci\u00f3n de productos, el costo del env\u00edo NO ser\u00e1 reembolsado.<\/p>\t\t\t\t\t\t\t\t<\/div>\n\t\t\t\t<\/div>\n\t\t\t\t<div class=\"elementor-element elementor-element-b505f46 elementor-widget elementor-widget-heading\" data-id=\"b505f46\" data-element_type=\"widget\" data-widget_type=\"heading.default\">\n\t\t\t\t<div class=\"elementor-widget-container\">\n\t\t\t\t\t<h2 class=\"elementor-heading-title elementor-size-default\">Env\u00edos<\/h2>\t\t\t\t<\/div>\n\t\t\t\t<\/div>\n\t\t\t\t<div class=\"elementor-element elementor-element-c56288e elementor-widget elementor-widget-text-editor\" data-id=\"c56288e\" data-element_type=\"widget\" data-widget_type=\"text-editor.default\">\n\t\t\t\t<div class=\"elementor-widget-container\">\n\t\t\t\t\t\t\t\t\t<p>Enviaremos tu pedido al d\u00eda h\u00e1bil siguiente de tu compra, sin embargo dependemos de los tiempos de env\u00edos de las distintas empresas.<br \/>Si tu env\u00edo es dentro de Santiago recibir\u00e1s tu pedido 48-72 horas h\u00e1biles. El tiempo en regiones depender\u00e1 del currier elegido y localidad de env\u00edo. Recordamos que en \u00e9pocas de cyber, navidad o eventos de descuento los env\u00edos tomar\u00e1n m\u00e1s d\u00edas de lo habitual por altas demandas.<br \/>Si tu env\u00edo es desde Copiap\u00f3 al norte o bien desde Puerto Montt al sur, este debe ser enviado por env\u00edo terrestre ya que los productos al ser l\u00edquidos son considerados como carga peligrosa, por lo que puede demorar m\u00e1s del tiempo establecido.<\/p>\t\t\t\t\t\t\t\t<\/div>\n\t\t\t\t<\/div>\n\t\t\t\t<div class=\"elementor-element elementor-element-6e122a7 elementor-widget elementor-widget-heading\" data-id=\"6e122a7\" data-element_type=\"widget\" data-widget_type=\"heading.default\">\n\t\t\t\t<div class=\"elementor-widget-container\">\n\t\t\t\t\t<h2 class=\"elementor-heading-title elementor-size-default\">Reembolsos<\/h2>\t\t\t\t<\/div>\n\t\t\t\t<\/div>\n\t\t\t\t<div class=\"elementor-element elementor-element-5925f20 elementor-widget elementor-widget-text-editor\" data-id=\"5925f20\" data-element_type=\"widget\" data-widget_type=\"text-editor.default\">\n\t\t\t\t<div class=\"elementor-widget-container\">\n\t\t\t\t\t\t\t\t\t<p>S\u00f3lo se realizar\u00e1n reembolsos de compras y env\u00edos al momento que las empresas de env\u00edos den como extraviado el pedido, seg\u00fan plazos y requerimientos de ellos, en el caso de que esto no sucediera se debe esperar a que la empresa de env\u00edo los de para luego realizar los reembolsos o bien enviar un nuevo pedido. Al recibir tu pedido revisa que este en buen estado, con embalajes originales sin manipulaciones ni cajas chorreadas. Si ves que tu pedido se ve en mal estado, chorreado, sucio, abierto o en mal estado, NO aceptes tu pedido, de esta forma el currier devolver\u00e1 al lugar de origen el pedido y nosotros podemos enviarte un nuevo producto. Si aceptas tu pedido en malas condiciones no tenemos como reclamar a la empresa de env\u00edo ya que al recibirlo aceptas las condiciones en las que recibiste el pedido.<\/p>\t\t\t\t\t\t\t\t<\/div>\n\t\t\t\t<\/div>\n\t\t\t\t<div class=\"elementor-element elementor-element-b319cfa elementor-widget elementor-widget-heading\" data-id=\"b319cfa\" data-element_type=\"widget\" data-widget_type=\"heading.default\">\n\t\t\t\t<div class=\"elementor-widget-container\">\n\t\t\t\t\t<h2 class=\"elementor-heading-title elementor-size-default\">Garant\u00eda<\/h2>\t\t\t\t<\/div>\n\t\t\t\t<\/div>\n\t\t\t\t<div class=\"elementor-element elementor-element-941f611 elementor-widget elementor-widget-text-editor\" data-id=\"941f611\" data-element_type=\"widget\" data-widget_type=\"text-editor.default\">\n\t\t\t\t<div class=\"elementor-widget-container\">\n\t\t\t\t\t\t\t\t\t<p>Se recomienda seguir las instrucciones del producto paso a paso, utilizar pesa, respetar los tiempos, temperaturas y medidas de seguridad adecuadas. <br \/>Toda la informaci\u00f3n entregada en los instructivos se refiere a los mejores conocimientos t\u00e9cnicos, no implica garant\u00eda alguna por resultados diferentes. Se aconseja realizar ensayos previos antes del uso masivo del sistema.<\/p>\t\t\t\t\t\t\t\t<\/div>\n\t\t\t\t<\/div>\n\t\t\t\t\t<\/div>\n\t\t<\/div>\n\t\t\t\t\t<\/div>\n\t\t<\/section>\n\t\t\t\t<\/div>\n\t\t","protected":false},"excerpt":{"rendered":"<p>Condiciones de Venta, Env\u00edos y Devoluciones Devoluciones RESINART Y MEPSYSTEM no hacen devoluciones de dinero. Al realizar compras por internet, la Ley permite a los consumidores ejercer su derecho a retracto (arrepentirse) dentro de los 10 d\u00edas desde que recibi\u00f3 el producto o contrat\u00f3 el servicio. Siempre y cuando el producto este sin uso, sellado [&hellip;]<\/p>\n","protected":false},"author":1,"featured_media":0,"parent":0,"menu_order":0,"comment_status":"closed","ping_status":"closed","template":"","meta":{"site-sidebar-layout":"no-sidebar","site-content-layout":"page-builder","ast-site-content-layout":"default","site-content-style":"default","site-sidebar-style":"default","ast-global-header-display":"","ast-banner-title-visibility":"","ast-main-header-display":"","ast-hfb-above-header-display":"","ast-hfb-below-header-display":"","ast-hfb-mobile-header-display":"","site-post-title":"disabled","ast-breadcrumbs-content":"","ast-featured-img":"disabled","footer-sml-layout":"","theme-transparent-header-meta":"","adv-header-id-meta":"","stick-header-meta":"","header-above-stick-meta":"","header-main-stick-meta":"","header-below-stick-meta":"","astra-migrate-meta-layouts":"default","ast-page-background-enabled":"default","ast-page-background-meta":{"desktop":{"background-color":"","background-image":"","background-repeat":"repeat","background-position":"center center","background-size":"auto","background-attachment":"scroll","background-type":"","background-media":"","overlay-type":"","overlay-color":"","overlay-opacity":"","overlay-gradient":""},"tablet":{"background-color":"","background-image":"","background-repeat":"repeat","background-position":"center center","background-size":"auto","background-attachment":"scroll","background-type":"","background-media":"","overlay-type":"","overlay-color":"","overlay-opacity":"","overlay-gradient":""},"mobile":{"background-color":"","background-image":"","background-repeat":"repeat","background-position":"center center","background-size":"auto","background-attachment":"scroll","background-type":"","background-media":"","overlay-type":"","overlay-color":"","overlay-opacity":"","overlay-gradient":""}},"ast-content-background-meta":{"desktop":{"background-color":"var(--ast-global-color-5)","background-image":"","background-repeat":"repeat","background-position":"center center","background-size":"auto","background-attachment":"scroll","background-type":"","background-media":"","overlay-type":"","overlay-color":"","overlay-opacity":"","overlay-gradient":""},"tablet":{"background-color":"var(--ast-global-color-5)","background-image":"","background-repeat":"repeat","background-position":"center center","background-size":"auto","background-attachment":"scroll","background-type":"","background-media":"","overlay-type":"","overlay-color":"","overlay-opacity":"","overlay-gradient":""},"mobile":{"background-color":"var(--ast-global-color-5)","background-image":"","background-repeat":"repeat","background-position":"center center","background-size":"auto","background-attachment":"scroll","background-type":"","background-media":"","overlay-type":"","overlay-color":"","overlay-opacity":"","overlay-gradient":""}},"_jet_sm_ready_style":"","_jet_sm_style":"","_jet_sm_controls_values":"","_jet_sm_fonts_collection":"","_jet_sm_fonts_links":"","footnotes":""},"class_list":["post-4626","page","type-page","status-publish","hentry"],"_links":{"self":[{"href":"https:\/\/resinart.cl\/sitio\/wp-json\/wp\/v2\/pages\/4626","targetHints":{"allow":["GET"]}}],"collection":[{"href":"https:\/\/resinart.cl\/sitio\/wp-json\/wp\/v2\/pages"}],"about":[{"href":"https:\/\/resinart.cl\/sitio\/wp-json\/wp\/v2\/types\/page"}],"author":[{"embeddable":true,"href":"https:\/\/resinart.cl\/sitio\/wp-json\/wp\/v2\/users\/1"}],"replies":[{"embeddable":true,"href":"https:\/\/resinart.cl\/sitio\/wp-json\/wp\/v2\/comments?post=4626"}],"version-history":[{"count":24,"href":"https:\/\/resinart.cl\/sitio\/wp-json\/wp\/v2\/pages\/4626\/revisions"}],"predecessor-version":[{"id":6731,"href":"https:\/\/resinart.cl\/sitio\/wp-json\/wp\/v2\/pages\/4626\/revisions\/6731"}],"wp:attachment":[{"href":"https:\/\/resinart.cl\/sitio\/wp-json\/wp\/v2\/media?parent=4626"}],"curies":[{"name":"wp","href":"https:\/\/api.w.org\/{rel}","templated":true}]}}